{"id":314,"date":"2026-03-16T00:23:23","date_gmt":"2026-03-15T23:23:23","guid":{"rendered":"https:\/\/whitevillageboutique.com\/?page_id=314"},"modified":"2026-03-16T00:24:16","modified_gmt":"2026-03-15T23:24:16","slug":"legales","status":"publish","type":"page","link":"https:\/\/whitevillageboutique.com\/en\/legales\/","title":{"rendered":"Legales"},"content":{"rendered":"<p>[et_pb_section fb_built=\u00bb1&#8243; theme_builder_area=\u00bbpost_content\u00bb _builder_version=\u00bb4.27.5&#8243; _module_preset=\u00bbdefault\u00bb background_color=\u00bb#f7f6f3&#8243; hover_enabled=\u00bb0&#8243; sticky_enabled=\u00bb0&#8243;][et_pb_row _builder_version=\u00bb4.27.5&#8243; _module_preset=\u00bbdefault\u00bb custom_padding=\u00bb|20px||20px|true|true\u00bb border_width_all=\u00bb1px\u00bb border_color_all=\u00bb#b5b5b5&#8243; global_colors_info=\u00bb{}\u00bb locked=\u00bboff\u00bb theme_builder_area=\u00bbpost_content\u00bb custom_margin=\u00bb|auto|35px|auto||\u00bb][et_pb_column type=\u00bb4_4&#8243; _builder_version=\u00bb4.27.5&#8243; _module_preset=\u00bbdefault\u00bb global_colors_info=\u00bb{}\u00bb theme_builder_area=\u00bbpost_content\u00bb][et_pb_text _builder_version=\u00bb4.27.5&#8243; _module_preset=\u00bbdefault\u00bb text_font=\u00bbPoppins||||||||\u00bb text_font_size=\u00bb22px\u00bb hover_enabled=\u00bb0&#8243; global_colors_info=\u00bb{}\u00bb theme_builder_area=\u00bbpost_content\u00bb sticky_enabled=\u00bb0&#8243;]<\/p>\n<p>Aviso Legal<\/p>\n<p>[\/et_pb_text][et_pb_text _builder_version=\u00bb4.27.5&#8243; _module_preset=\u00bbdefault\u00bb text_font=\u00bbPoppins|300|||||||\u00bb hover_enabled=\u00bb0&#8243; global_colors_info=\u00bb{}\u00bb theme_builder_area=\u00bbpost_content\u00bb sticky_enabled=\u00bb0&#8243;]<\/p>\n<p>Aviso Legal:<br \/>Titular: Hideon Stock S.L.<br \/>CIF: B-93.483.485<br \/>Direcci\u00f3n: Calle Lirio 5, Benalm\u00e1dena Pueblo, M\u00e1laga, Espa\u00f1a<br \/>Email de contacto: info@whitevillageboutique.com<\/p>\n<p>Hideon Stock S.L. es titular del sitio web y ofrece servicios de alojamiento tur\u00edstico en la direcci\u00f3n indicada.<\/p>\n<p>El acceso y uso de esta web atribuye la condici\u00f3n de usuario e implica la aceptaci\u00f3n de las condiciones de uso aqu\u00ed descritas.<\/p>\n<p>[\/et_pb_text][\/et_pb_column][\/et_pb_row][et_pb_row _builder_version=\u00bb4.27.5&#8243; _module_preset=\u00bbdefault\u00bb custom_padding=\u00bb|20px||20px|true|true\u00bb border_width_all=\u00bb1px\u00bb border_color_all=\u00bb#b5b5b5&#8243; global_colors_info=\u00bb{}\u00bb locked=\u00bboff\u00bb theme_builder_area=\u00bbpost_content\u00bb custom_margin=\u00bb|auto|35px|auto||\u00bb][et_pb_column type=\u00bb4_4&#8243; _builder_version=\u00bb4.27.5&#8243; _module_preset=\u00bbdefault\u00bb global_colors_info=\u00bb{}\u00bb theme_builder_area=\u00bbpost_content\u00bb][et_pb_text _builder_version=\u00bb4.27.5&#8243; _module_preset=\u00bbdefault\u00bb text_font=\u00bbPoppins||||||||\u00bb text_font_size=\u00bb22px\u00bb hover_enabled=\u00bb0&#8243; global_colors_info=\u00bb{}\u00bb theme_builder_area=\u00bbpost_content\u00bb sticky_enabled=\u00bb0&#8243;]<\/p>\n<p>Pol\u00edtica de Privacidad<\/p>\n<p>[\/et_pb_text][et_pb_text _builder_version=\u00bb4.27.5&#8243; _module_preset=\u00bbdefault\u00bb text_font=\u00bbPoppins|300|||||||\u00bb hover_enabled=\u00bb0&#8243; global_colors_info=\u00bb{}\u00bb theme_builder_area=\u00bbpost_content\u00bb sticky_enabled=\u00bb0&#8243;]<\/p>\n<p>Los datos personales facilitados a trav\u00e9s de este sitio web ser\u00e1n tratados por Hideon Stock S.L. con la finalidad de gestionar reservas, atender consultas y prestar los servicios de alojamiento contratados.<\/p>\n<p>Los datos podr\u00e1n ser compartidos con proveedores tecnol\u00f3gicos necesarios para la prestaci\u00f3n del servicio, como el sistema de reservas o el proveedor de pago.<\/p>\n<p>Los usuarios pueden ejercer sus derechos de acceso, rectificaci\u00f3n, supresi\u00f3n y limitaci\u00f3n enviando una solicitud a info@whitevillageboutique.com.<\/p>\n<p>Los datos se conservar\u00e1n durante el tiempo necesario para la prestaci\u00f3n del servicio y el cumplimiento de obligaciones legales.<\/p>\n<p>[\/et_pb_text][\/et_pb_column][\/et_pb_row][et_pb_row _builder_version=\u00bb4.27.5&#8243; _module_preset=\u00bbdefault\u00bb custom_padding=\u00bb|20px||20px|true|true\u00bb border_width_all=\u00bb1px\u00bb border_color_all=\u00bb#b5b5b5&#8243; global_colors_info=\u00bb{}\u00bb locked=\u00bboff\u00bb theme_builder_area=\u00bbpost_content\u00bb custom_margin=\u00bb|auto|27px|auto||\u00bb][et_pb_column type=\u00bb4_4&#8243; _builder_version=\u00bb4.27.5&#8243; _module_preset=\u00bbdefault\u00bb global_colors_info=\u00bb{}\u00bb theme_builder_area=\u00bbpost_content\u00bb][et_pb_text _builder_version=\u00bb4.27.5&#8243; _module_preset=\u00bbdefault\u00bb text_font=\u00bbPoppins||||||||\u00bb text_font_size=\u00bb22px\u00bb hover_enabled=\u00bb0&#8243; global_colors_info=\u00bb{}\u00bb theme_builder_area=\u00bbpost_content\u00bb sticky_enabled=\u00bb0&#8243;]<\/p>\n<p>Pol\u00edtica de cancelaci\u00f3n\u00a0<\/p>\n<p>[\/et_pb_text][et_pb_text _builder_version=\u00bb4.27.5&#8243; _module_preset=\u00bbdefault\u00bb text_font=\u00bbPoppins|300|||||||\u00bb hover_enabled=\u00bb0&#8243; global_colors_info=\u00bb{}\u00bb theme_builder_area=\u00bbpost_content\u00bb sticky_enabled=\u00bb0&#8243;]<\/p>\n<p>Las reservas pueden cancelarse sin coste hasta 5 d\u00edas antes de la fecha de llegada.<\/p>\n<p>Las cancelaciones realizadas dentro de los 5 d\u00edas previos a la llegada tendr\u00e1n un cargo del 100 % de la primera noche.<\/p>\n<p>En caso de no presentarse (no-show), se cargar\u00e1 el importe de la primera noche.<\/p>\n<p>Las devoluciones, cuando correspondan, se realizar\u00e1n utilizando el mismo m\u00e9todo de pago empleado en la reserva.<\/p>\n<p>&nbsp;<\/p>\n<p>[\/et_pb_text][\/et_pb_column][\/et_pb_row][\/et_pb_section][et_pb_section fb_built=\u00bb1&#8243; _builder_version=\u00bb4.27.5&#8243; _module_preset=\u00bbdefault\u00bb background_color=\u00bb#636848&#8243; animation_style=\u00bbfade\u00bb saved_tabs=\u00bball\u00bb global_colors_info=\u00bb{}\u00bb global_module=\u00bb202&#8243; theme_builder_area=\u00bbpost_content\u00bb][et_pb_row column_structure=\u00bb1_3,1_3,1_3&#8243; _builder_version=\u00bb4.27.5&#8243; _module_preset=\u00bbdefault\u00bb global_colors_info=\u00bb{}\u00bb theme_builder_area=\u00bbpost_content\u00bb][et_pb_column type=\u00bb1_3&#8243; _builder_version=\u00bb4.27.5&#8243; _module_preset=\u00bbdefault\u00bb global_colors_info=\u00bb{}\u00bb theme_builder_area=\u00bbpost_content\u00bb][et_pb_image src=\u00bbhttps:\/\/whitevillageboutique.com\/wp-content\/uploads\/2026\/02\/logo-whitevillage_white.png\u00bb title_text=\u00bblogo whitevillage_white\u00bb align=\u00bbcenter\u00bb _builder_version=\u00bb4.27.5&#8243; _module_preset=\u00bbdefault\u00bb height=\u00bb60px\u00bb global_colors_info=\u00bb{}\u00bb theme_builder_area=\u00bbpost_content\u00bb][\/et_pb_image][\/et_pb_column][et_pb_column type=\u00bb1_3&#8243; _builder_version=\u00bb4.27.5&#8243; _module_preset=\u00bbdefault\u00bb global_colors_info=\u00bb{}\u00bb theme_builder_area=\u00bbpost_content\u00bb][et_pb_text _builder_version=\u00bb4.27.5&#8243; _module_preset=\u00bbdefault\u00bb global_colors_info=\u00bb{}\u00bb theme_builder_area=\u00bbpost_content\u00bb]<\/p>\n<p><span style=\"color: #ffffff;\">Reservas: +34 649 755 408<\/span><\/p>\n<p><span style=\"color: #ffffff;\"><a href=\"mailto:info@whitevillageboutique.com\" style=\"color: #ffffff;\">info@whitevillageboutique.com<\/a><\/span><\/p>\n<p><span style=\"color: #ffffff;\">Calle Lirio 5, cp 29631 Benalm\u00e1dena Pueblo<\/span><\/p>\n<p>[\/et_pb_text][\/et_pb_column][et_pb_column type=\u00bb1_3&#8243; _builder_version=\u00bb4.27.5&#8243; _module_preset=\u00bbdefault\u00bb global_colors_info=\u00bb{}\u00bb theme_builder_area=\u00bbpost_content\u00bb][et_pb_social_media_follow _builder_version=\u00bb4.27.5&#8243; _module_preset=\u00bbdefault\u00bb text_orientation=\u00bbcenter\u00bb border_radii=\u00bbon|75px|75px|75px|75px\u00bb global_colors_info=\u00bb{}\u00bb theme_builder_area=\u00bbpost_content\u00bb][et_pb_social_media_follow_network social_network=\u00bbinstagram\u00bb url=\u00bbhttps:\/\/www.instagram.com\/hotelboutiquex\u00bb _builder_version=\u00bb4.27.5&#8243; _module_preset=\u00bbdefault\u00bb background_color=\u00bb#ea2c59&#8243; global_colors_info=\u00bb{}\u00bb theme_builder_area=\u00bbpost_content\u00bb follow_button=\u00bboff\u00bb url_new_window=\u00bbon\u00bb]instagram[\/et_pb_social_media_follow_network][et_pb_social_media_follow_network social_network=\u00bbwhatsapp\u00bb url=\u00bbhttp:\/\/wa.me\/34649755408&#8243; _builder_version=\u00bb4.27.5&#8243; _module_preset=\u00bbdefault\u00bb background_color=\u00bb#25D366&#8243; global_colors_info=\u00bb{}\u00bb theme_builder_area=\u00bbpost_content\u00bb follow_button=\u00bboff\u00bb url_new_window=\u00bbon\u00bb]whatsapp[\/et_pb_social_media_follow_network][\/et_pb_social_media_follow][\/et_pb_column][\/et_pb_row][\/et_pb_section]<\/p>\n","protected":false},"excerpt":{"rendered":"<p>Aviso LegalAviso Legal:Titular: Hideon Stock S.L.CIF: B-93.483.485Direcci\u00f3n: Calle Lirio 5, Benalm\u00e1dena Pueblo, M\u00e1laga, Espa\u00f1aEmail de contacto: info@whitevillageboutique.com Hideon Stock S.L. es titular del sitio web y ofrece servicios de alojamiento tur\u00edstico en la direcci\u00f3n indicada. El acceso y uso de esta web atribuye la condici\u00f3n de usuario e implica la aceptaci\u00f3n de las condiciones de uso aqu\u00ed descritas.Pol\u00edtica de PrivacidadLos datos personales facilitados a trav\u00e9s de este sitio web ser\u00e1n tratados por Hideon Stock S.L. con la finalidad de gestionar reservas, atender consultas y prestar los servicios de alojamiento contratados. Los datos podr\u00e1n ser compartidos con proveedores tecnol\u00f3gicos necesarios para la prestaci\u00f3n del servicio, como el sistema de reservas o el proveedor de pago. Los usuarios pueden ejercer sus derechos de acceso, rectificaci\u00f3n, supresi\u00f3n y limitaci\u00f3n enviando una solicitud a info@whitevillageboutique.com. Los datos se conservar\u00e1n durante el tiempo necesario para la prestaci\u00f3n del servicio y el cumplimiento de obligaciones legales.Pol\u00edtica de cancelaci\u00f3n\u00a0Las reservas pueden cancelarse sin coste hasta 5 d\u00edas antes de la fecha de llegada. Las cancelaciones realizadas dentro de los 5 d\u00edas previos a la llegada tendr\u00e1n un cargo del 100 % de la primera noche. En caso de no presentarse (no-show), se cargar\u00e1 el importe de la [&hellip;]<\/p>\n","protected":false},"author":1,"featured_media":0,"parent":0,"menu_order":0,"comment_status":"closed","ping_status":"closed","template":"","meta":{"_et_pb_use_builder":"on","_et_pb_old_content":"","_et_gb_content_width":"","_joinchat":[],"footnotes":""},"class_list":["post-314","page","type-page","status-publish","hentry"],"aioseo_notices":[],"_hostinger_reach_plugin_has_subscription_block":false,"_hostinger_reach_plugin_is_elementor":false,"_links":{"self":[{"href":"https:\/\/whitevillageboutique.com\/en\/wp-json\/wp\/v2\/pages\/314","targetHints":{"allow":["GET"]}}],"collection":[{"href":"https:\/\/whitevillageboutique.com\/en\/wp-json\/wp\/v2\/pages"}],"about":[{"href":"https:\/\/whitevillageboutique.com\/en\/wp-json\/wp\/v2\/types\/page"}],"author":[{"embeddable":true,"href":"https:\/\/whitevillageboutique.com\/en\/wp-json\/wp\/v2\/users\/1"}],"replies":[{"embeddable":true,"href":"https:\/\/whitevillageboutique.com\/en\/wp-json\/wp\/v2\/comments?post=314"}],"version-history":[{"count":4,"href":"https:\/\/whitevillageboutique.com\/en\/wp-json\/wp\/v2\/pages\/314\/revisions"}],"predecessor-version":[{"id":321,"href":"https:\/\/whitevillageboutique.com\/en\/wp-json\/wp\/v2\/pages\/314\/revisions\/321"}],"wp:attachment":[{"href":"https:\/\/whitevillageboutique.com\/en\/wp-json\/wp\/v2\/media?parent=314"}],"curies":[{"name":"wp","href":"https:\/\/api.w.org\/{rel}","templated":true}]}}